{"id":89,"date":"2021-10-19T08:15:15","date_gmt":"2021-10-19T08:15:15","guid":{"rendered":"https:\/\/www.kelepo.fi\/?page_id=89"},"modified":"2025-02-11T10:48:56","modified_gmt":"2025-02-11T10:48:56","slug":"tyontekijat","status":"publish","type":"page","link":"https:\/\/www.kelepo.fi\/index.php\/tyontekijat\/","title":{"rendered":"Marja R\u00e5man"},"content":{"rendered":"\n<p class=\"has-small-font-size\"><strong>Koulutukset:<\/strong><br>Kasvatuspsykologi (KM)<br>Yhteiskuntatieteen kandidaatti (sosiologia)<br>Sosionomi (AMK)<br>L\u00e4hiesimiesty\u00f6n ammattitutkinto<br>Johtamisen ja yritysjohtamisen erikoisammattitutkinto<\/p>\n\n\n\n<p class=\"has-small-font-size\"><strong>Lis\u00e4koulutukset:<\/strong><br>Ratkaisukeskeinen el\u00e4inavusteinen neuropsykiatrinen valmentaja<br>Lapset puheeksi-menetelm\u00e4koulutus<br>Perhearviointi-koulutus<\/p>\n\n\n<div class=\"wp-block-image\">\n<figure class=\"aligncenter size-large is-resized\"><img loading=\"lazy\" decoding=\"async\" width=\"1024\" height=\"1024\" src=\"https:\/\/www.kelepo.fi\/wp-content\/uploads\/2022\/09\/1-201A6613-1-edited-1024x1024.jpg\" alt=\"\" class=\"wp-image-319\" style=\"width:458px;height:auto\" srcset=\"https:\/\/www.kelepo.fi\/wp-content\/uploads\/2022\/09\/1-201A6613-1-edited-1024x1024.jpg 1024w, https:\/\/www.kelepo.fi\/wp-content\/uploads\/2022\/09\/1-201A6613-1-edited-300x300.jpg 300w, https:\/\/www.kelepo.fi\/wp-content\/uploads\/2022\/09\/1-201A6613-1-edited-150x150.jpg 150w, https:\/\/www.kelepo.fi\/wp-content\/uploads\/2022\/09\/1-201A6613-1-edited-768x768.jpg 768w, https:\/\/www.kelepo.fi\/wp-content\/uploads\/2022\/09\/1-201A6613-1-edited-1536x1536.jpg 1536w, https:\/\/www.kelepo.fi\/wp-content\/uploads\/2022\/09\/1-201A6613-1-edited-2048x2048.jpg 2048w, https:\/\/www.kelepo.fi\/wp-content\/uploads\/2022\/09\/1-201A6613-1-edited-1568x1568.jpg 1568w\" sizes=\"auto, (max-width: 1024px) 100vw, 1024px\" \/><\/figure><\/div>\n\n\n<p><\/p>\n\n\n\n<p class=\"has-small-font-size\"><strong>Kuvaus:<\/strong><br>Olen valmistunut sosionomiksi 2004 sek\u00e4 kasvatustieteen maisteriksi ja yhteiskuntatieteiden kandidaatiksi 2011. Olen ty\u00f6skennellyt monenlaisissa lapsiperheille suunnatuissa palveluissa, esimerkiksi perhety\u00f6ntekij\u00e4n\u00e4, lastenvalvojana ja sosiaaliohjaajana. Minulla on useiden vuosien kokemus nepsy-piirteit\u00e4 omaavien lasten ja aikuisten kanssa ty\u00f6skentelyst\u00e4 ja olen toiminut opiskeluaikoinani my\u00f6s kehitysvammaisten lasten kerhonohjaajan teht\u00e4viss\u00e4. <\/p>\n\n\n\n<p class=\"has-small-font-size\">El\u00e4imet ovat olleet aina iso osa el\u00e4m\u00e4\u00e4ni ja aktiivisena koiraharrastajana olen erityisen iloinen siit\u00e4, ett\u00e4 voin nykyisess\u00e4 ty\u00f6ss\u00e4ni yhdist\u00e4\u00e4 nepsy- ja el\u00e4inosaamiseni luovaksi kokonaisuudeksi.<\/p>\n\n\n<div class=\"wp-block-image\">\n<figure class=\"aligncenter size-large is-resized\"><img loading=\"lazy\" decoding=\"async\" width=\"1024\" height=\"997\" src=\"https:\/\/www.kelepo.fi\/wp-content\/uploads\/2021\/10\/1-201A6198-2-1024x997.jpg\" alt=\"\" class=\"wp-image-129\" style=\"width:418px;height:auto\" srcset=\"https:\/\/www.kelepo.fi\/wp-content\/uploads\/2021\/10\/1-201A6198-2-1024x997.jpg 1024w, https:\/\/www.kelepo.fi\/wp-content\/uploads\/2021\/10\/1-201A6198-2-300x292.jpg 300w, https:\/\/www.kelepo.fi\/wp-content\/uploads\/2021\/10\/1-201A6198-2-768x748.jpg 768w, https:\/\/www.kelepo.fi\/wp-content\/uploads\/2021\/10\/1-201A6198-2-1536x1496.jpg 1536w, https:\/\/www.kelepo.fi\/wp-content\/uploads\/2021\/10\/1-201A6198-2-2048x1994.jpg 2048w, https:\/\/www.kelepo.fi\/wp-content\/uploads\/2021\/10\/1-201A6198-2-1568x1527.jpg 1568w\" sizes=\"auto, (max-width: 1024px) 100vw, 1024px\" \/><\/figure><\/div>\n\n\n<p><\/p>\n\n\n\n<p class=\"has-small-font-size\"><strong>Kuru-koira:<br><\/strong>Kuru (Lapinhullun Paras) on helmikuussa 2018 syntynyt bordercollietytt\u00f6, joka ty\u00f6skentelee p\u00e4\u00e4s\u00e4\u00e4nt\u00f6isesti Marjan ty\u00f6parina. Kuru on energinen, iloinen ja hyvin suurella syd\u00e4mell\u00e4 varustettu bordercollie, joka rakastaa ihmisi\u00e4 yli kaiken. Kuru osallistuu mielell\u00e4\u00e4n kaikenlaiseen ty\u00f6skentelyyn ja osaa monenlaisia pieni\u00e4 temppuja, mutta Kurun ehdoton lempihomma on k\u00f6mpi\u00e4 syliin ja ker\u00e4t\u00e4 rapsutuksia. Kurun lempinimi onkin Halinalle, joka kuvaa sen luonnetta t\u00e4ydellisesti.<\/p>\n\n\n<div class=\"wp-block-image\">\n<figure class=\"aligncenter size-large is-resized\"><img loading=\"lazy\" decoding=\"async\" width=\"1024\" height=\"1022\" src=\"https:\/\/www.kelepo.fi\/wp-content\/uploads\/2022\/07\/Kajo_wordpress-1024x1022.jpg\" alt=\"\" class=\"wp-image-283\" style=\"width:389px;height:auto\" srcset=\"https:\/\/www.kelepo.fi\/wp-content\/uploads\/2022\/07\/Kajo_wordpress-1024x1022.jpg 1024w, https:\/\/www.kelepo.fi\/wp-content\/uploads\/2022\/07\/Kajo_wordpress-300x300.jpg 300w, https:\/\/www.kelepo.fi\/wp-content\/uploads\/2022\/07\/Kajo_wordpress-150x150.jpg 150w, https:\/\/www.kelepo.fi\/wp-content\/uploads\/2022\/07\/Kajo_wordpress-768x766.jpg 768w, https:\/\/www.kelepo.fi\/wp-content\/uploads\/2022\/07\/Kajo_wordpress-1536x1533.jpg 1536w, https:\/\/www.kelepo.fi\/wp-content\/uploads\/2022\/07\/Kajo_wordpress-2048x2044.jpg 2048w, https:\/\/www.kelepo.fi\/wp-content\/uploads\/2022\/07\/Kajo_wordpress-1568x1565.jpg 1568w\" sizes=\"auto, (max-width: 1024px) 100vw, 1024px\" \/><\/figure><\/div>\n\n\n<p><\/p>\n\n\n\n<p class=\"has-small-font-size\"><strong>Kajo-koira:<\/strong><br>Kajo (Ghosteye&#8217;s Lovely Cappucino) on lokakuussa 2021 syntynyt australianpaimenkoira, joka opettelee el\u00e4inavusteisen ty\u00f6n saloja Marjan opastuksessa. Kajossa on sopiva sekoitus energisyytt\u00e4, rohkeutta ja harkitsevaisuutta. Se on my\u00f6s varustettu suurella syd\u00e4mell\u00e4, joka sykkii ihan kaikille, vauvasta vaariin.<\/p>\n","protected":false},"excerpt":{"rendered":"<p>Koulutukset:Kasvatuspsykologi (KM)Yhteiskuntatieteen kandidaatti (sosiologia)Sosionomi (AMK)L\u00e4hiesimiesty\u00f6n ammattitutkintoJohtamisen ja yritysjohtamisen erikoisammattitutkinto Lis\u00e4koulutukset:Ratkaisukeskeinen el\u00e4inavusteinen neuropsykiatrinen valmentajaLapset puheeksi-menetelm\u00e4koulutusPerhearviointi-koulutus Kuvaus:Olen valmistunut sosionomiksi 2004 sek\u00e4 kasvatustieteen maisteriksi ja yhteiskuntatieteiden kandidaatiksi 2011. Olen ty\u00f6skennellyt monenlaisissa lapsiperheille suunnatuissa palveluissa, esimerkiksi perhety\u00f6ntekij\u00e4n\u00e4, lastenvalvojana ja sosiaaliohjaajana. Minulla on useiden vuosien kokemus nepsy-piirteit\u00e4 omaavien lasten ja aikuisten kanssa ty\u00f6skentelyst\u00e4 ja olen toiminut opiskeluaikoinani my\u00f6s kehitysvammaisten lasten&hellip; <a class=\"more-link\" href=\"https:\/\/www.kelepo.fi\/index.php\/tyontekijat\/\">Jatka lukemista <span class=\"screen-reader-text\">Marja R\u00e5man<\/span><\/a><\/p>\n","protected":false},"author":1,"featured_media":0,"parent":0,"menu_order":0,"comment_status":"closed","ping_status":"closed","template":"","meta":{"footnotes":""},"class_list":["post-89","page","type-page","status-publish","hentry","entry"],"_links":{"self":[{"href":"https:\/\/www.kelepo.fi\/index.php\/wp-json\/wp\/v2\/pages\/89","targetHints":{"allow":["GET"]}}],"collection":[{"href":"https:\/\/www.kelepo.fi\/index.php\/wp-json\/wp\/v2\/pages"}],"about":[{"href":"https:\/\/www.kelepo.fi\/index.php\/wp-json\/wp\/v2\/types\/page"}],"author":[{"embeddable":true,"href":"https:\/\/www.kelepo.fi\/index.php\/wp-json\/wp\/v2\/users\/1"}],"replies":[{"embeddable":true,"href":"https:\/\/www.kelepo.fi\/index.php\/wp-json\/wp\/v2\/comments?post=89"}],"version-history":[{"count":21,"href":"https:\/\/www.kelepo.fi\/index.php\/wp-json\/wp\/v2\/pages\/89\/revisions"}],"predecessor-version":[{"id":515,"href":"https:\/\/www.kelepo.fi\/index.php\/wp-json\/wp\/v2\/pages\/89\/revisions\/515"}],"wp:attachment":[{"href":"https:\/\/www.kelepo.fi\/index.php\/wp-json\/wp\/v2\/media?parent=89"}],"curies":[{"name":"wp","href":"https:\/\/api.w.org\/{rel}","templated":true}]}}