{"id":573,"date":"2026-02-16T06:42:29","date_gmt":"2026-02-16T06:42:29","guid":{"rendered":"https:\/\/www.kelepo.fi\/?page_id=573"},"modified":"2026-02-16T07:09:15","modified_gmt":"2026-02-16T07:09:15","slug":"elain-ja-luontoavusteinen-nepsyvalmentaja-koulutus","status":"publish","type":"page","link":"https:\/\/www.kelepo.fi\/index.php\/elain-ja-luontoavusteinen-nepsyvalmentaja-koulutus\/","title":{"rendered":"El\u00e4in- ja luontoavusteinen nepsyvalmentaja-koulutus"},"content":{"rendered":"\n<p>El\u00e4in- ja luontoavusteinen nepsyvalmentaja (35op) koulutus Oulussa. Koulutuksen toteuttaa Nyt Ratkes, yhteisty\u00f6ss\u00e4 mukana Kelepo Oy.<\/p>\n\n\n\n<p><strong>Koulutuksen aikataulu:<\/strong><br>17.-18.8.26 l\u00e4hijakso<br>21.-22.9.26 l\u00e4hijakso<br>29.-30.10.26 et\u00e4jakso<br>30.11.-1.12.26 et\u00e4jakso<br>14.-15.1.27 et\u00e4jakso<br>18.-19.2.27 et\u00e4jakso<br>1.-2.4.27 l\u00e4hijakso<\/p>\n\n\n\n<p><strong>Koulutuksen hinta<\/strong>: 2500\u20ac sis alv ( mahdollista maksaa 1-8 er\u00e4ss\u00e4). Ilmoittautuminen on sitova 1.8.26 asti. T\u00e4m\u00e4n j\u00e4lkeen tehdyist\u00e4 peruutuksista veloitetaan 50% koulutuksen hinnasta ja koulutuksen alettua tehdyist\u00e4 peruutuksista koko koulutuksen hinta.<\/p>\n\n\n\n<div class=\"wp-block-buttons is-content-justification-center is-layout-flex wp-container-core-buttons-is-layout-16018d1d wp-block-buttons-is-layout-flex\">\n<div class=\"wp-block-button\"><a class=\"wp-block-button__link wp-element-button\" href=\"https:\/\/forms.gle\/42jHzv8H6WKBACHj6\">Ilmoittaudu mukaan!<\/a><\/div>\n<\/div>\n\n\n\n<p>Koulutus on suunnattu kasvatus- ja opetusty\u00f6n sek\u00e4 sosiaali- ja terveysalan ammattilaisille jatkokoulutukseksi. Koulutuksesta saa valmiuksia ty\u00f6skennell\u00e4 eri-ik\u00e4isten neurokirjon henkil\u00f6iden kanssa el\u00e4in- ja luontoavusteisesti ratkaisukeskeisen asiakasty\u00f6n mallia hy\u00f6dynt\u00e4en.<\/p>\n\n\n\n<p>Koulutus toteutuu hybridin\u00e4 14 p\u00e4iv\u00e4n\u00e4. Teoriaosuudet toteutetaan verkossa Zoom- sovelluksella. K\u00e4yt\u00e4nn\u00f6n harjoittelut toteutuvat Kelepo Oy toimitiloissa Oulun seudulla Kempeleess\u00e4. L\u00e4hip\u00e4ivien v\u00e4liss\u00e4 tehd\u00e4\u00e4n vertaisryhm\u00e4teht\u00e4vi\u00e4, harjoitellaan itsen\u00e4isesti omaa ty\u00f6skentely\u00e4 kehitt\u00e4vi\u00e4 harjoitteita ja osallistutaan ty\u00f6nohjauksiin, joissa pohditaan valmentajaksi kehittymist\u00e4.<\/p>\n\n\n\n<p>Koulutuksen k\u00e4yneet voivat toimia neuropsykiatrisina valmentajina ja osallistua kilpailutuksiin, joihin oma pohjakoulutus soveltuu.<\/p>\n\n\n\n<div class=\"wp-block-buttons is-content-justification-center is-layout-flex wp-container-core-buttons-is-layout-16018d1d wp-block-buttons-is-layout-flex\">\n<div class=\"wp-block-button\"><a class=\"wp-block-button__link wp-element-button\" href=\"https:\/\/neuropsykiatrinenvalmentaja.fi\/412148493\/el-inavusteinen-oulu\">Lue lis\u00e4\u00e4 koulutuksen sis\u00e4ll\u00f6st\u00e4<\/a><\/div>\n<\/div>\n\n\n<div class=\"wp-block-image is-style-default\">\n<figure class=\"aligncenter size-full\"><img loading=\"lazy\" decoding=\"async\" width=\"143\" height=\"143\" src=\"https:\/\/www.kelepo.fi\/wp-content\/uploads\/2026\/02\/Nayttokuva-2026-02-13-164405.png\" alt=\"\" class=\"wp-image-574\"\/><\/figure><\/div>","protected":false},"excerpt":{"rendered":"<p>El\u00e4in- ja luontoavusteinen nepsyvalmentaja (35op) koulutus Oulussa. Koulutuksen toteuttaa Nyt Ratkes, yhteisty\u00f6ss\u00e4 mukana Kelepo Oy. Koulutuksen aikataulu:17.-18.8.26 l\u00e4hijakso21.-22.9.26 l\u00e4hijakso29.-30.10.26 et\u00e4jakso30.11.-1.12.26 et\u00e4jakso14.-15.1.27 et\u00e4jakso18.-19.2.27 et\u00e4jakso1.-2.4.27 l\u00e4hijakso Koulutuksen hinta: 2500\u20ac sis alv ( mahdollista maksaa 1-8 er\u00e4ss\u00e4). Ilmoittautuminen on sitova 1.8.26 asti. T\u00e4m\u00e4n j\u00e4lkeen tehdyist\u00e4 peruutuksista veloitetaan 50% koulutuksen hinnasta ja koulutuksen alettua tehdyist\u00e4 peruutuksista koko koulutuksen hinta.&hellip; <a class=\"more-link\" href=\"https:\/\/www.kelepo.fi\/index.php\/elain-ja-luontoavusteinen-nepsyvalmentaja-koulutus\/\">Jatka lukemista <span class=\"screen-reader-text\">El\u00e4in- ja luontoavusteinen nepsyvalmentaja-koulutus<\/span><\/a><\/p>\n","protected":false},"author":1,"featured_media":0,"parent":0,"menu_order":0,"comment_status":"closed","ping_status":"closed","template":"","meta":{"footnotes":""},"class_list":["post-573","page","type-page","status-publish","hentry","entry"],"_links":{"self":[{"href":"https:\/\/www.kelepo.fi\/index.php\/wp-json\/wp\/v2\/pages\/573","targetHints":{"allow":["GET"]}}],"collection":[{"href":"https:\/\/www.kelepo.fi\/index.php\/wp-json\/wp\/v2\/pages"}],"about":[{"href":"https:\/\/www.kelepo.fi\/index.php\/wp-json\/wp\/v2\/types\/page"}],"author":[{"embeddable":true,"href":"https:\/\/www.kelepo.fi\/index.php\/wp-json\/wp\/v2\/users\/1"}],"replies":[{"embeddable":true,"href":"https:\/\/www.kelepo.fi\/index.php\/wp-json\/wp\/v2\/comments?post=573"}],"version-history":[{"count":10,"href":"https:\/\/www.kelepo.fi\/index.php\/wp-json\/wp\/v2\/pages\/573\/revisions"}],"predecessor-version":[{"id":592,"href":"https:\/\/www.kelepo.fi\/index.php\/wp-json\/wp\/v2\/pages\/573\/revisions\/592"}],"wp:attachment":[{"href":"https:\/\/www.kelepo.fi\/index.php\/wp-json\/wp\/v2\/media?parent=573"}],"curies":[{"name":"wp","href":"https:\/\/api.w.org\/{rel}","templated":true}]}}