{"id":519,"date":"2025-03-24T08:54:44","date_gmt":"2025-03-24T08:54:44","guid":{"rendered":"https:\/\/www.kelepo.fi\/?page_id=519"},"modified":"2025-03-24T08:58:43","modified_gmt":"2025-03-24T08:58:43","slug":"luottopolku","status":"publish","type":"page","link":"https:\/\/www.kelepo.fi\/index.php\/luottopolku\/","title":{"rendered":"Luottopolku"},"content":{"rendered":"\n<p><strong>El\u00e4in- ja luontoavusteinen tunne- ja vuorovaikutustoiminta<\/strong><\/p>\n\n\n\n<p class=\"has-small-font-size\">Luottopolku-toiminta on lapsille ja nuorille suunnattua yksil\u00f6toimintaa, jossa vahvistetaan tunne- ja vuorovaikutustaitoja el\u00e4in- ja luontoavusteisin menetelmin. Luottopolku-toimintaan olet tervetullut eritysesti silloin, kun sosiaaliset tilanteet j\u00e4nnitt\u00e4v\u00e4t ja kotoa poistuminen tuntuu hankalalta.<\/p>\n\n\n\n<p class=\"has-small-font-size\">Luottopolku-toiminnassa mukana olevat aikuiset ovat kokeneita sosiaali- ja kasvatusalan ammattilaisia, jotka ovat lis\u00e4kouluttautuneet luonto- ja el\u00e4inavusteisten menetelmien k\u00e4ytt\u00f6\u00f6n. El\u00e4inty\u00f6kavereinamme on mm. hevosia, koiria, tallikissoja ja kes\u00e4isin my\u00f6s lampaita. Luontoavusteisia menetelmi\u00e4 on mahdollista toteuttaa joko el\u00e4inten kanssa tai ilman. R\u00e4\u00e4t\u00e4l\u00f6imme toiminnan yksil\u00f6llisten tarpeiden ja toiveiden mukaan.<\/p>\n\n\n<div class=\"wp-block-image\">\n<figure class=\"aligncenter size-full is-resized\"><img loading=\"lazy\" decoding=\"async\" width=\"391\" height=\"121\" src=\"https:\/\/www.kelepo.fi\/wp-content\/uploads\/2025\/03\/Nayttokuva-2025-03-24-100728.png\" alt=\"\" class=\"wp-image-520\" style=\"width:226px;height:auto\" srcset=\"https:\/\/www.kelepo.fi\/wp-content\/uploads\/2025\/03\/Nayttokuva-2025-03-24-100728.png 391w, https:\/\/www.kelepo.fi\/wp-content\/uploads\/2025\/03\/Nayttokuva-2025-03-24-100728-300x93.png 300w\" sizes=\"auto, (max-width: 391px) 100vw, 391px\" \/><\/figure><\/div>\n\n\n<p class=\"has-small-font-size\">Luottopolku-toiminnasta saat tukea esimerkiksi:<\/p>\n\n\n\n<ul class=\"wp-block-list\">\n<li class=\"has-small-font-size\">tunne- ja vuorovaikutustaitoihin<\/li>\n\n\n\n<li class=\"has-small-font-size\">sosiaalisin taitojen harjoitteluun<\/li>\n\n\n\n<li class=\"has-small-font-size\">itsetuntoon ja pystyvyyden tunteeseen<\/li>\n<\/ul>\n\n\n\n<p class=\"has-small-font-size\"><strong>Toiminnan hinta:<\/strong><br>El\u00e4inavusteinen Luottopolku-toiminta 106e\/h (sis alv 25,5%) + mahdolliset matkakulut.<\/p>\n\n\n\n<p class=\"has-small-font-size\">Luontoavusteinen Luottpolku-toiminta ilman el\u00e4int\u00e4 86e\/h (sis alv 25,5%).<\/p>\n\n\n\n<p class=\"has-small-font-size\"><strong>Tiedustelut:<\/strong> <br>toimisto@kelepo.fi \/ 044 980 3378<\/p>\n\n\n\n<figure class=\"wp-block-image size-large is-style-default\"><img loading=\"lazy\" decoding=\"async\" width=\"742\" height=\"1024\" src=\"https:\/\/www.kelepo.fi\/wp-content\/uploads\/2025\/03\/IMG-20240917-WA0004-742x1024.jpg\" alt=\"\" class=\"wp-image-521\" style=\"aspect-ratio:1;object-fit:cover\" srcset=\"https:\/\/www.kelepo.fi\/wp-content\/uploads\/2025\/03\/IMG-20240917-WA0004-742x1024.jpg 742w, https:\/\/www.kelepo.fi\/wp-content\/uploads\/2025\/03\/IMG-20240917-WA0004-217x300.jpg 217w, https:\/\/www.kelepo.fi\/wp-content\/uploads\/2025\/03\/IMG-20240917-WA0004-768x1060.jpg 768w, https:\/\/www.kelepo.fi\/wp-content\/uploads\/2025\/03\/IMG-20240917-WA0004-1113x1536.jpg 1113w, https:\/\/www.kelepo.fi\/wp-content\/uploads\/2025\/03\/IMG-20240917-WA0004.jpg 1159w\" sizes=\"auto, (max-width: 742px) 100vw, 742px\" \/><\/figure>\n","protected":false},"excerpt":{"rendered":"<p>El\u00e4in- ja luontoavusteinen tunne- ja vuorovaikutustoiminta Luottopolku-toiminta on lapsille ja nuorille suunnattua yksil\u00f6toimintaa, jossa vahvistetaan tunne- ja vuorovaikutustaitoja el\u00e4in- ja luontoavusteisin menetelmin. Luottopolku-toimintaan olet tervetullut eritysesti silloin, kun sosiaaliset tilanteet j\u00e4nnitt\u00e4v\u00e4t ja kotoa poistuminen tuntuu hankalalta. Luottopolku-toiminnassa mukana olevat aikuiset ovat kokeneita sosiaali- ja kasvatusalan ammattilaisia, jotka ovat lis\u00e4kouluttautuneet luonto- ja el\u00e4inavusteisten menetelmien k\u00e4ytt\u00f6\u00f6n. El\u00e4inty\u00f6kavereinamme&hellip; <a class=\"more-link\" href=\"https:\/\/www.kelepo.fi\/index.php\/luottopolku\/\">Jatka lukemista <span class=\"screen-reader-text\">Luottopolku<\/span><\/a><\/p>\n","protected":false},"author":1,"featured_media":0,"parent":0,"menu_order":0,"comment_status":"closed","ping_status":"closed","template":"","meta":{"footnotes":""},"class_list":["post-519","page","type-page","status-publish","hentry","entry"],"_links":{"self":[{"href":"https:\/\/www.kelepo.fi\/index.php\/wp-json\/wp\/v2\/pages\/519","targetHints":{"allow":["GET"]}}],"collection":[{"href":"https:\/\/www.kelepo.fi\/index.php\/wp-json\/wp\/v2\/pages"}],"about":[{"href":"https:\/\/www.kelepo.fi\/index.php\/wp-json\/wp\/v2\/types\/page"}],"author":[{"embeddable":true,"href":"https:\/\/www.kelepo.fi\/index.php\/wp-json\/wp\/v2\/users\/1"}],"replies":[{"embeddable":true,"href":"https:\/\/www.kelepo.fi\/index.php\/wp-json\/wp\/v2\/comments?post=519"}],"version-history":[{"count":3,"href":"https:\/\/www.kelepo.fi\/index.php\/wp-json\/wp\/v2\/pages\/519\/revisions"}],"predecessor-version":[{"id":525,"href":"https:\/\/www.kelepo.fi\/index.php\/wp-json\/wp\/v2\/pages\/519\/revisions\/525"}],"wp:attachment":[{"href":"https:\/\/www.kelepo.fi\/index.php\/wp-json\/wp\/v2\/media?parent=519"}],"curies":[{"name":"wp","href":"https:\/\/api.w.org\/{rel}","templated":true}]}}