{"id":465,"date":"2024-11-06T18:39:23","date_gmt":"2024-11-06T18:39:23","guid":{"rendered":"https:\/\/www.kelepo.fi\/?page_id=465"},"modified":"2024-11-06T18:39:46","modified_gmt":"2024-11-06T18:39:46","slug":"webinaari-siirtymatilanteisiin-20-11-2024","status":"publish","type":"page","link":"https:\/\/www.kelepo.fi\/index.php\/webinaari-siirtymatilanteisiin-20-11-2024\/","title":{"rendered":"Webinaari \/ Siirtym\u00e4tilanteet 20.11.2024"},"content":{"rendered":"\n<p>Kohtaatko arjessasi tai ty\u00f6ss\u00e4si lapsia tai nuoria, joilla on haasteita siirtym\u00e4tilanteissa? Tuntuuko, ett\u00e4 siirtymien aikana sattuu ja tapahtuu, tai v\u00e4lill\u00e4 tuntuu ett\u00e4 olisi helpompaa vain j\u00e4\u00e4d\u00e4 kotiin?<\/p>\n\n\n\n<p>J\u00e4rjest\u00e4mme aiheeseen liittyv\u00e4n webinaarin keskiviikkona 20.11.2024 klo 17-19. Webinaarin tavoitteena on antaa tietoa ja vinkkej\u00e4, jotka voivat helpottaa siirtym\u00e4tilanteissa. Ilmoittautumisen yhteydess\u00e4 on mahdollista esitt\u00e4\u00e4 kysymyksi\u00e4 tai toiveita sis\u00e4lt\u00f6\u00f6n etuk\u00e4teen aiheeseen liittyen.<\/p>\n\n\n\n<p>Webinaari toteutetaan Teamsin v\u00e4lityksell\u00e4 ja mukaan mahtuu 20 ensimm\u00e4ist\u00e4 ilmoittautunutta.  Webinaarin hinta on 29,90\u20ac\/henkil\u00f6 (sis. alv 25,5%).<\/p>\n\n\n\n<div class=\"wp-block-buttons is-content-justification-center is-layout-flex wp-container-core-buttons-is-layout-16018d1d wp-block-buttons-is-layout-flex\">\n<div class=\"wp-block-button\"><a class=\"wp-block-button__link wp-element-button\" href=\"https:\/\/form.jotform.com\/243105218932350\">Ilmoittaudu mukaan!<\/a><\/div>\n<\/div>\n\n\n\n<p>Webinaarin j\u00e4rjest\u00e4v\u00e4t Kelepo Oy:n perheohjaajat Marja ja Vilja, joilla on kokemusta erityisesti nepsy-lasten ja nuorten kanssa ty\u00f6skentelyst\u00e4.<br><br>Marja Kalinen<br>Kasvatustieteen maisteri (kasvatuspsykologia), yhteiskuntatieteiden kandidaatti, sosionomi(AMK), el\u00e4inavusteinen neuropsykiatrinen valmentaja<\/p>\n\n\n\n<p>Vilja Valkonen<br>L\u00e4hihoitaja<\/p>\n","protected":false},"excerpt":{"rendered":"<p>Kohtaatko arjessasi tai ty\u00f6ss\u00e4si lapsia tai nuoria, joilla on haasteita siirtym\u00e4tilanteissa? Tuntuuko, ett\u00e4 siirtymien aikana sattuu ja tapahtuu, tai v\u00e4lill\u00e4 tuntuu ett\u00e4 olisi helpompaa vain j\u00e4\u00e4d\u00e4 kotiin? J\u00e4rjest\u00e4mme aiheeseen liittyv\u00e4n webinaarin keskiviikkona 20.11.2024 klo 17-19. Webinaarin tavoitteena on antaa tietoa ja vinkkej\u00e4, jotka voivat helpottaa siirtym\u00e4tilanteissa. Ilmoittautumisen yhteydess\u00e4 on mahdollista esitt\u00e4\u00e4 kysymyksi\u00e4 tai toiveita sis\u00e4lt\u00f6\u00f6n&hellip; <a class=\"more-link\" href=\"https:\/\/www.kelepo.fi\/index.php\/webinaari-siirtymatilanteisiin-20-11-2024\/\">Jatka lukemista <span class=\"screen-reader-text\">Webinaari \/ Siirtym\u00e4tilanteet 20.11.2024<\/span><\/a><\/p>\n","protected":false},"author":1,"featured_media":0,"parent":0,"menu_order":0,"comment_status":"closed","ping_status":"closed","template":"","meta":{"footnotes":""},"class_list":["post-465","page","type-page","status-publish","hentry","entry"],"_links":{"self":[{"href":"https:\/\/www.kelepo.fi\/index.php\/wp-json\/wp\/v2\/pages\/465","targetHints":{"allow":["GET"]}}],"collection":[{"href":"https:\/\/www.kelepo.fi\/index.php\/wp-json\/wp\/v2\/pages"}],"about":[{"href":"https:\/\/www.kelepo.fi\/index.php\/wp-json\/wp\/v2\/types\/page"}],"author":[{"embeddable":true,"href":"https:\/\/www.kelepo.fi\/index.php\/wp-json\/wp\/v2\/users\/1"}],"replies":[{"embeddable":true,"href":"https:\/\/www.kelepo.fi\/index.php\/wp-json\/wp\/v2\/comments?post=465"}],"version-history":[{"count":3,"href":"https:\/\/www.kelepo.fi\/index.php\/wp-json\/wp\/v2\/pages\/465\/revisions"}],"predecessor-version":[{"id":470,"href":"https:\/\/www.kelepo.fi\/index.php\/wp-json\/wp\/v2\/pages\/465\/revisions\/470"}],"wp:attachment":[{"href":"https:\/\/www.kelepo.fi\/index.php\/wp-json\/wp\/v2\/media?parent=465"}],"curies":[{"name":"wp","href":"https:\/\/api.w.org\/{rel}","templated":true}]}}