{"id":427,"date":"2024-07-18T08:25:12","date_gmt":"2024-07-18T08:25:12","guid":{"rendered":"https:\/\/www.kelepo.fi\/?page_id=427"},"modified":"2025-06-25T11:54:20","modified_gmt":"2025-06-25T11:54:20","slug":"tyontekijat-3","status":"publish","type":"page","link":"https:\/\/www.kelepo.fi\/index.php\/tyontekijat-3\/","title":{"rendered":"Ty\u00f6ntekij\u00e4t"},"content":{"rendered":"\n<div class=\"wp-block-media-text is-stacked-on-mobile is-style-default\" style=\"grid-template-columns:32% auto\"><figure class=\"wp-block-media-text__media\"><img loading=\"lazy\" decoding=\"async\" width=\"1024\" height=\"1024\" src=\"https:\/\/www.kelepo.fi\/wp-content\/uploads\/2022\/09\/1-201A6613-1-edited-1024x1024.jpg\" alt=\"\" class=\"wp-image-319 size-full\" srcset=\"https:\/\/www.kelepo.fi\/wp-content\/uploads\/2022\/09\/1-201A6613-1-edited-1024x1024.jpg 1024w, https:\/\/www.kelepo.fi\/wp-content\/uploads\/2022\/09\/1-201A6613-1-edited-300x300.jpg 300w, https:\/\/www.kelepo.fi\/wp-content\/uploads\/2022\/09\/1-201A6613-1-edited-150x150.jpg 150w, https:\/\/www.kelepo.fi\/wp-content\/uploads\/2022\/09\/1-201A6613-1-edited-768x768.jpg 768w, https:\/\/www.kelepo.fi\/wp-content\/uploads\/2022\/09\/1-201A6613-1-edited-1536x1536.jpg 1536w, https:\/\/www.kelepo.fi\/wp-content\/uploads\/2022\/09\/1-201A6613-1-edited-2048x2048.jpg 2048w, https:\/\/www.kelepo.fi\/wp-content\/uploads\/2022\/09\/1-201A6613-1-edited-1568x1568.jpg 1568w\" sizes=\"auto, (max-width: 1024px) 100vw, 1024px\" \/><\/figure><div class=\"wp-block-media-text__content\">\n<p class=\"has-text-align-left has-extra-small-font-size\"><strong>Marja R\u00e5man<\/strong><br>Toimitusjohtaja, Perheohjaaja<br>Kasvatuspsykologi (KM), Ytk, Sosionomi (AMK)<br>El\u00e4inavusteinen neuropsykiatrinen valmentaja<br>Puh. 044 980 3378<br>marja.raman@kelepo.fi<br><a href=\"https:\/\/www.kelepo.fi\/index.php\/tyontekijat\/\" data-type=\"page\" data-id=\"89\">Lue lis\u00e4\u00e4 Marjasta t\u00e4\u00e4lt\u00e4!<\/a><\/p>\n<\/div><\/div>\n\n\n\n<div class=\"wp-block-media-text is-stacked-on-mobile is-style-default\" style=\"grid-template-columns:32% auto\"><figure class=\"wp-block-media-text__media\"><img loading=\"lazy\" decoding=\"async\" width=\"1024\" height=\"1024\" src=\"https:\/\/www.kelepo.fi\/wp-content\/uploads\/2022\/09\/1-201A6759-edited-1-1024x1024.jpg\" alt=\"\" class=\"wp-image-322 size-full\" srcset=\"https:\/\/www.kelepo.fi\/wp-content\/uploads\/2022\/09\/1-201A6759-edited-1-1024x1024.jpg 1024w, https:\/\/www.kelepo.fi\/wp-content\/uploads\/2022\/09\/1-201A6759-edited-1-300x300.jpg 300w, https:\/\/www.kelepo.fi\/wp-content\/uploads\/2022\/09\/1-201A6759-edited-1-150x150.jpg 150w, https:\/\/www.kelepo.fi\/wp-content\/uploads\/2022\/09\/1-201A6759-edited-1-768x769.jpg 768w, https:\/\/www.kelepo.fi\/wp-content\/uploads\/2022\/09\/1-201A6759-edited-1-1536x1536.jpg 1536w, https:\/\/www.kelepo.fi\/wp-content\/uploads\/2022\/09\/1-201A6759-edited-1-2046x2048.jpg 2046w, https:\/\/www.kelepo.fi\/wp-content\/uploads\/2022\/09\/1-201A6759-edited-1-1568x1569.jpg 1568w\" sizes=\"auto, (max-width: 1024px) 100vw, 1024px\" \/><\/figure><div class=\"wp-block-media-text__content\">\n<p class=\"has-text-align-left has-extra-small-font-size\"><strong>Minna Prokkola<\/strong><br>Palvelujohtaja, Perheohjaaja<br>Sosionomi (AMK)-kirkon nuorisoty\u00f6nohjaaja<br>El\u00e4inavusteinen neuropsykiatrinen valmentaja<br>Muksuoppi-ohjaaja<br>Puh. 044 977 3486<br>minna.prokkola@kelepo.fi<br><a href=\"https:\/\/www.kelepo.fi\/index.php\/minna-prokkola\/\" data-type=\"page\" data-id=\"482\">Lue Minnasta lis\u00e4\u00e4 t\u00e4\u00e4lt\u00e4!<\/a><\/p>\n<\/div><\/div>\n\n\n\n<p><\/p>\n","protected":false},"excerpt":{"rendered":"<p>Marja R\u00e5manToimitusjohtaja, PerheohjaajaKasvatuspsykologi (KM), Ytk, Sosionomi (AMK)El\u00e4inavusteinen neuropsykiatrinen valmentajaPuh. 044 980 3378marja.raman@kelepo.fiLue lis\u00e4\u00e4 Marjasta t\u00e4\u00e4lt\u00e4! Minna ProkkolaPalvelujohtaja, PerheohjaajaSosionomi (AMK)-kirkon nuorisoty\u00f6nohjaajaEl\u00e4inavusteinen neuropsykiatrinen valmentajaMuksuoppi-ohjaajaPuh. 044 977 3486minna.prokkola@kelepo.fiLue Minnasta lis\u00e4\u00e4 t\u00e4\u00e4lt\u00e4!<\/p>\n","protected":false},"author":1,"featured_media":0,"parent":0,"menu_order":0,"comment_status":"closed","ping_status":"closed","template":"","meta":{"footnotes":""},"class_list":["post-427","page","type-page","status-publish","hentry","entry"],"_links":{"self":[{"href":"https:\/\/www.kelepo.fi\/index.php\/wp-json\/wp\/v2\/pages\/427","targetHints":{"allow":["GET"]}}],"collection":[{"href":"https:\/\/www.kelepo.fi\/index.php\/wp-json\/wp\/v2\/pages"}],"about":[{"href":"https:\/\/www.kelepo.fi\/index.php\/wp-json\/wp\/v2\/types\/page"}],"author":[{"embeddable":true,"href":"https:\/\/www.kelepo.fi\/index.php\/wp-json\/wp\/v2\/users\/1"}],"replies":[{"embeddable":true,"href":"https:\/\/www.kelepo.fi\/index.php\/wp-json\/wp\/v2\/comments?post=427"}],"version-history":[{"count":19,"href":"https:\/\/www.kelepo.fi\/index.php\/wp-json\/wp\/v2\/pages\/427\/revisions"}],"predecessor-version":[{"id":564,"href":"https:\/\/www.kelepo.fi\/index.php\/wp-json\/wp\/v2\/pages\/427\/revisions\/564"}],"wp:attachment":[{"href":"https:\/\/www.kelepo.fi\/index.php\/wp-json\/wp\/v2\/media?parent=427"}],"curies":[{"name":"wp","href":"https:\/\/api.w.org\/{rel}","templated":true}]}}