{"id":413,"date":"2024-07-18T07:52:29","date_gmt":"2024-07-18T07:52:29","guid":{"rendered":"https:\/\/www.kelepo.fi\/?page_id=413"},"modified":"2026-02-13T14:30:30","modified_gmt":"2026-02-13T14:30:30","slug":"omavalvonta","status":"publish","type":"page","link":"https:\/\/www.kelepo.fi\/index.php\/omavalvonta\/","title":{"rendered":"Omavalvonta"},"content":{"rendered":"\n<p>1.1.2024 voimaan tullut laki sosiaali- ja terveydenhuollon valvonnasta velvoittaa julkisia ja yksityisi\u00e4 palveluntuottajia laatimaan, julkaisemaan ja raportoimaan palveluyksikk\u00f6kohtaisen omavalvontasuunnitelman.<\/p>\n\n\n\n<p>Omavalvontasuunnitelmassa kuvataan menettelytavat palvelutoiminnassa havaittujen riskien, vaaratilanteiden ja laadullisten puutteiden ennaltaehk\u00e4isemiseksi ja korjaamiseksi sek\u00e4 henkil\u00f6kuntamme ammatillisen osaamisen varmistamiseksi. \u200bOmavalvontamme tarkoituksena on varmistaa asiakkaan oikeus laadukkaaseen ja turvalliseen palveluun.<\/p>\n\n\n\n<p>Tutustu Kelepon omavalvontasuunnitelmaan t\u00e4st\u00e4:<\/p>\n\n\n\n<div class=\"wp-block-file\"><a id=\"wp-block-file--media-70927e58-5efd-4c78-b66c-b248873e9234\" href=\"https:\/\/www.kelepo.fi\/wp-content\/uploads\/2026\/02\/Sosiaalipalvelujen_omavalvontasuunnitelma_2-2026.pdf\">Sosiaalipalvelujen_omavalvontasuunnitelma_2-2026<\/a><a href=\"https:\/\/www.kelepo.fi\/wp-content\/uploads\/2026\/02\/Sosiaalipalvelujen_omavalvontasuunnitelma_2-2026.pdf\" class=\"wp-block-file__button wp-element-button\" download aria-describedby=\"wp-block-file--media-70927e58-5efd-4c78-b66c-b248873e9234\">Lataa<\/a><\/div>\n","protected":false},"excerpt":{"rendered":"<p>1.1.2024 voimaan tullut laki sosiaali- ja terveydenhuollon valvonnasta velvoittaa julkisia ja yksityisi\u00e4 palveluntuottajia laatimaan, julkaisemaan ja raportoimaan palveluyksikk\u00f6kohtaisen omavalvontasuunnitelman. Omavalvontasuunnitelmassa kuvataan menettelytavat palvelutoiminnassa havaittujen riskien, vaaratilanteiden ja laadullisten puutteiden ennaltaehk\u00e4isemiseksi ja korjaamiseksi sek\u00e4 henkil\u00f6kuntamme ammatillisen osaamisen varmistamiseksi. \u200bOmavalvontamme tarkoituksena on varmistaa asiakkaan oikeus laadukkaaseen ja turvalliseen palveluun. Tutustu Kelepon omavalvontasuunnitelmaan t\u00e4st\u00e4:<\/p>\n","protected":false},"author":1,"featured_media":0,"parent":0,"menu_order":0,"comment_status":"closed","ping_status":"closed","template":"","meta":{"footnotes":""},"class_list":["post-413","page","type-page","status-publish","hentry","entry"],"_links":{"self":[{"href":"https:\/\/www.kelepo.fi\/index.php\/wp-json\/wp\/v2\/pages\/413","targetHints":{"allow":["GET"]}}],"collection":[{"href":"https:\/\/www.kelepo.fi\/index.php\/wp-json\/wp\/v2\/pages"}],"about":[{"href":"https:\/\/www.kelepo.fi\/index.php\/wp-json\/wp\/v2\/types\/page"}],"author":[{"embeddable":true,"href":"https:\/\/www.kelepo.fi\/index.php\/wp-json\/wp\/v2\/users\/1"}],"replies":[{"embeddable":true,"href":"https:\/\/www.kelepo.fi\/index.php\/wp-json\/wp\/v2\/comments?post=413"}],"version-history":[{"count":14,"href":"https:\/\/www.kelepo.fi\/index.php\/wp-json\/wp\/v2\/pages\/413\/revisions"}],"predecessor-version":[{"id":572,"href":"https:\/\/www.kelepo.fi\/index.php\/wp-json\/wp\/v2\/pages\/413\/revisions\/572"}],"wp:attachment":[{"href":"https:\/\/www.kelepo.fi\/index.php\/wp-json\/wp\/v2\/media?parent=413"}],"curies":[{"name":"wp","href":"https:\/\/api.w.org\/{rel}","templated":true}]}}