{"id":406,"date":"2024-04-26T16:51:07","date_gmt":"2024-04-26T16:51:07","guid":{"rendered":"https:\/\/www.kelepo.fi\/?page_id=406"},"modified":"2024-04-26T16:51:07","modified_gmt":"2024-04-26T16:51:07","slug":"yhteinen-kieli","status":"publish","type":"page","link":"https:\/\/www.kelepo.fi\/index.php\/yhteinen-kieli\/","title":{"rendered":"Yhteinen kieli"},"content":{"rendered":"\n<p>Yhteinen kieli- menetelm\u00e4 perustuu aktiiviseen verkostoyhteisty\u00f6h\u00f6n perheen parhaaksi.\u00a0 Menetelm\u00e4 on kehitetty perhety\u00f6n viitekehyksess\u00e4, mutta se on laajennettu k\u00e4ytett\u00e4v\u00e4ksi kaikille neuropsykiatrisia erityispiirteit\u00e4 omaavien lasten kanssa ty\u00f6skenteleville ammattilaisille. Yhteinen Kieli- nimen taustalla on ajatus siit\u00e4, ett\u00e4 eri toimijat puhuvat ik\u00e4\u00e4n kuin samaa kielt\u00e4, jakavat saman ymm\u00e4rryksen ja pystyv\u00e4t yhdess\u00e4 tukemaan perhett\u00e4 parhaalla mahdollisella tavalla.\u00a0Menetelm\u00e4 jakautuu kuuteen eri toiminnan vaiheeseen, joista jokainen on merkityksellinen osa verkoston yhteist\u00e4 ty\u00f6skentelyprosessia.\u00a0<\/p>\n\n\n\n<p>Lis\u00e4tietoja menetelm\u00e4koulutuksesta ja koulutuskalenterista l\u00f6yd\u00e4t:<\/p>\n\n\n\n<p><a href=\"https:\/\/www.yhteinenkieli.fi\">https:\/\/www.yhteinenkieli.fi<\/a><\/p>\n","protected":false},"excerpt":{"rendered":"<p>Yhteinen kieli- menetelm\u00e4 perustuu aktiiviseen verkostoyhteisty\u00f6h\u00f6n perheen parhaaksi.\u00a0 Menetelm\u00e4 on kehitetty perhety\u00f6n viitekehyksess\u00e4, mutta se on laajennettu k\u00e4ytett\u00e4v\u00e4ksi kaikille neuropsykiatrisia erityispiirteit\u00e4 omaavien lasten kanssa ty\u00f6skenteleville ammattilaisille. Yhteinen Kieli- nimen taustalla on ajatus siit\u00e4, ett\u00e4 eri toimijat puhuvat ik\u00e4\u00e4n kuin samaa kielt\u00e4, jakavat saman ymm\u00e4rryksen ja pystyv\u00e4t yhdess\u00e4 tukemaan perhett\u00e4 parhaalla mahdollisella tavalla.\u00a0Menetelm\u00e4 jakautuu kuuteen eri&hellip; <a class=\"more-link\" href=\"https:\/\/www.kelepo.fi\/index.php\/yhteinen-kieli\/\">Jatka lukemista <span class=\"screen-reader-text\">Yhteinen kieli<\/span><\/a><\/p>\n","protected":false},"author":1,"featured_media":0,"parent":0,"menu_order":0,"comment_status":"closed","ping_status":"closed","template":"","meta":{"footnotes":""},"class_list":["post-406","page","type-page","status-publish","hentry","entry"],"_links":{"self":[{"href":"https:\/\/www.kelepo.fi\/index.php\/wp-json\/wp\/v2\/pages\/406","targetHints":{"allow":["GET"]}}],"collection":[{"href":"https:\/\/www.kelepo.fi\/index.php\/wp-json\/wp\/v2\/pages"}],"about":[{"href":"https:\/\/www.kelepo.fi\/index.php\/wp-json\/wp\/v2\/types\/page"}],"author":[{"embeddable":true,"href":"https:\/\/www.kelepo.fi\/index.php\/wp-json\/wp\/v2\/users\/1"}],"replies":[{"embeddable":true,"href":"https:\/\/www.kelepo.fi\/index.php\/wp-json\/wp\/v2\/comments?post=406"}],"version-history":[{"count":1,"href":"https:\/\/www.kelepo.fi\/index.php\/wp-json\/wp\/v2\/pages\/406\/revisions"}],"predecessor-version":[{"id":408,"href":"https:\/\/www.kelepo.fi\/index.php\/wp-json\/wp\/v2\/pages\/406\/revisions\/408"}],"wp:attachment":[{"href":"https:\/\/www.kelepo.fi\/index.php\/wp-json\/wp\/v2\/media?parent=406"}],"curies":[{"name":"wp","href":"https:\/\/api.w.org\/{rel}","templated":true}]}}