{"id":32,"date":"2021-10-15T11:41:19","date_gmt":"2021-10-15T11:41:19","guid":{"rendered":"http:\/\/www.kelepo.fi\/?page_id=32"},"modified":"2022-07-15T11:24:38","modified_gmt":"2022-07-15T11:24:38","slug":"kelepo-tarina","status":"publish","type":"page","link":"https:\/\/www.kelepo.fi\/index.php\/kelepo-tarina-2\/kelepo-tarina\/","title":{"rendered":"Kelepo tarina"},"content":{"rendered":"\n<p class=\"has-small-font-size\">Yritys sai alkunsa kahden sosiaalialan ammattilaisen tahdosta perustaa yritys, joka vastaa neuropsykiatrisia erityispiirteit\u00e4 (nepsy) omaavien yksil\u00f6iden ja perheiden tarpeisiin reilulla ja rehellisell\u00e4 ty\u00f6otteella sek\u00e4 lis\u00e4t\u00e4 nepsy-tietoutta niin perheiden kuin ammattilaistenkin keskuudessa. <\/p>\n\n\n\n<p class=\"has-small-font-size\">Molemmilla yritt\u00e4jill\u00e4 oli aiemmissa t\u00f6iss\u00e4 syttynyt kipin\u00e4 el\u00e4inavusteiseen ty\u00f6skentelyyn ja kipin\u00e4 kasvoi roihuksi el\u00e4inavusteisen neuropsykiatrisen valmentajan koulutuksen my\u00f6t\u00e4. Yritysideaa kypsyteltiin ja palvelu- kokonaisuuksia muotoiltiin huolella useamman kuukauden ajan, kunnes viimein Kelepo Oy perustettiin lokakuussa 2021. Kelepo Oy:n arvot eiv\u00e4t pohjaudu taloudellisiin tekij\u00f6ihin, vaan tahtoon tehd\u00e4 \u201dsyd\u00e4men ty\u00f6t\u00e4\u201d yksil\u00f6iden ja perheiden hyvinvoinnin edist\u00e4miseksi. <\/p>\n\n\n\n<p class=\"has-small-font-size\">Toivomme, ett\u00e4 voimme tulevaisuudessa kasvattaa Kelepo-ammattilaisten joukkoamme ja sit\u00e4 kautta tarjota laadukasta Kelepo-palvelua yh\u00e4 useammalle yksil\u00f6lle ja perheelle.<\/p>\n\n\n\n<figure class=\"wp-block-image size-large\"><img loading=\"lazy\" decoding=\"async\" width=\"1024\" height=\"683\" src=\"https:\/\/www.kelepo.fi\/wp-content\/uploads\/2021\/10\/1-201A6239-1024x683.jpg\" alt=\"\" class=\"wp-image-123\" srcset=\"https:\/\/www.kelepo.fi\/wp-content\/uploads\/2021\/10\/1-201A6239-1024x683.jpg 1024w, https:\/\/www.kelepo.fi\/wp-content\/uploads\/2021\/10\/1-201A6239-300x200.jpg 300w, https:\/\/www.kelepo.fi\/wp-content\/uploads\/2021\/10\/1-201A6239-768x512.jpg 768w, https:\/\/www.kelepo.fi\/wp-content\/uploads\/2021\/10\/1-201A6239-1536x1024.jpg 1536w, https:\/\/www.kelepo.fi\/wp-content\/uploads\/2021\/10\/1-201A6239-2048x1365.jpg 2048w, https:\/\/www.kelepo.fi\/wp-content\/uploads\/2021\/10\/1-201A6239-1568x1045.jpg 1568w\" sizes=\"auto, (max-width: 1024px) 100vw, 1024px\" \/><\/figure>\n","protected":false},"excerpt":{"rendered":"<p>Yritys sai alkunsa kahden sosiaalialan ammattilaisen tahdosta perustaa yritys, joka vastaa neuropsykiatrisia erityispiirteit\u00e4 (nepsy) omaavien yksil\u00f6iden ja perheiden tarpeisiin reilulla ja rehellisell\u00e4 ty\u00f6otteella sek\u00e4 lis\u00e4t\u00e4 nepsy-tietoutta niin perheiden kuin ammattilaistenkin keskuudessa. Molemmilla yritt\u00e4jill\u00e4 oli aiemmissa t\u00f6iss\u00e4 syttynyt kipin\u00e4 el\u00e4inavusteiseen ty\u00f6skentelyyn ja kipin\u00e4 kasvoi roihuksi el\u00e4inavusteisen neuropsykiatrisen valmentajan koulutuksen my\u00f6t\u00e4. Yritysideaa kypsyteltiin ja palvelu- kokonaisuuksia muotoiltiin&hellip; <a class=\"more-link\" href=\"https:\/\/www.kelepo.fi\/index.php\/kelepo-tarina-2\/kelepo-tarina\/\">Jatka lukemista <span class=\"screen-reader-text\">Kelepo tarina<\/span><\/a><\/p>\n","protected":false},"author":1,"featured_media":0,"parent":54,"menu_order":0,"comment_status":"closed","ping_status":"closed","template":"","meta":{"footnotes":""},"class_list":["post-32","page","type-page","status-publish","hentry","entry"],"_links":{"self":[{"href":"https:\/\/www.kelepo.fi\/index.php\/wp-json\/wp\/v2\/pages\/32","targetHints":{"allow":["GET"]}}],"collection":[{"href":"https:\/\/www.kelepo.fi\/index.php\/wp-json\/wp\/v2\/pages"}],"about":[{"href":"https:\/\/www.kelepo.fi\/index.php\/wp-json\/wp\/v2\/types\/page"}],"author":[{"embeddable":true,"href":"https:\/\/www.kelepo.fi\/index.php\/wp-json\/wp\/v2\/users\/1"}],"replies":[{"embeddable":true,"href":"https:\/\/www.kelepo.fi\/index.php\/wp-json\/wp\/v2\/comments?post=32"}],"version-history":[{"count":7,"href":"https:\/\/www.kelepo.fi\/index.php\/wp-json\/wp\/v2\/pages\/32\/revisions"}],"predecessor-version":[{"id":285,"href":"https:\/\/www.kelepo.fi\/index.php\/wp-json\/wp\/v2\/pages\/32\/revisions\/285"}],"up":[{"embeddable":true,"href":"https:\/\/www.kelepo.fi\/index.php\/wp-json\/wp\/v2\/pages\/54"}],"wp:attachment":[{"href":"https:\/\/www.kelepo.fi\/index.php\/wp-json\/wp\/v2\/media?parent=32"}],"curies":[{"name":"wp","href":"https:\/\/api.w.org\/{rel}","templated":true}]}}