{"id":29,"date":"2021-10-15T11:38:52","date_gmt":"2021-10-15T11:38:52","guid":{"rendered":"http:\/\/www.kelepo.fi\/?page_id=29"},"modified":"2022-03-23T10:54:04","modified_gmt":"2022-03-23T10:54:04","slug":"palvelut-ja-koulutukset","status":"publish","type":"page","link":"https:\/\/www.kelepo.fi\/index.php\/palvelut-ja-koulutukset\/","title":{"rendered":"Sosiaalihuollon avopalvelut"},"content":{"rendered":"\n<p>Palvelumme ovat:<\/p>\n\n\n\n<ul class=\"has-small-font-size wp-block-list\"><li><a href=\"https:\/\/www.kelepo.fi\/index.php\/kelepo-perhetyo\/\">Kelepo perhety\u00f6<\/a><\/li><li><a href=\"https:\/\/www.kelepo.fi\/index.php\/kelepo-tehostettu-perhetyo\/\">Kelepo tehostettu perhety\u00f6<\/a><\/li><li><a href=\"https:\/\/www.kelepo.fi\/index.php\/kelepo-jalkihuolto\/\">Kelepo j\u00e4lkihuolto<\/a><\/li><li><a href=\"https:\/\/www.kelepo.fi\/index.php\/elainavusteinen-neuropsykiatrinen-valmennus\/\">Kelepo ratkaisukeskeinen el\u00e4inavusteinen neuropsykiatrinen valmennus<\/a><\/li><\/ul>\n\n\n\n<p><\/p>\n","protected":false},"excerpt":{"rendered":"<p>Palvelumme ovat: Kelepo perhety\u00f6 Kelepo tehostettu perhety\u00f6 Kelepo j\u00e4lkihuolto Kelepo ratkaisukeskeinen el\u00e4inavusteinen neuropsykiatrinen valmennus<\/p>\n","protected":false},"author":1,"featured_media":0,"parent":0,"menu_order":0,"comment_status":"closed","ping_status":"closed","template":"","meta":{"footnotes":""},"class_list":["post-29","page","type-page","status-publish","hentry","entry"],"_links":{"self":[{"href":"https:\/\/www.kelepo.fi\/index.php\/wp-json\/wp\/v2\/pages\/29","targetHints":{"allow":["GET"]}}],"collection":[{"href":"https:\/\/www.kelepo.fi\/index.php\/wp-json\/wp\/v2\/pages"}],"about":[{"href":"https:\/\/www.kelepo.fi\/index.php\/wp-json\/wp\/v2\/types\/page"}],"author":[{"embeddable":true,"href":"https:\/\/www.kelepo.fi\/index.php\/wp-json\/wp\/v2\/users\/1"}],"replies":[{"embeddable":true,"href":"https:\/\/www.kelepo.fi\/index.php\/wp-json\/wp\/v2\/comments?post=29"}],"version-history":[{"count":19,"href":"https:\/\/www.kelepo.fi\/index.php\/wp-json\/wp\/v2\/pages\/29\/revisions"}],"predecessor-version":[{"id":265,"href":"https:\/\/www.kelepo.fi\/index.php\/wp-json\/wp\/v2\/pages\/29\/revisions\/265"}],"wp:attachment":[{"href":"https:\/\/www.kelepo.fi\/index.php\/wp-json\/wp\/v2\/media?parent=29"}],"curies":[{"name":"wp","href":"https:\/\/api.w.org\/{rel}","templated":true}]}}