{"id":196,"date":"2022-01-11T14:56:36","date_gmt":"2022-01-11T14:56:36","guid":{"rendered":"https:\/\/www.kelepo.fi\/?page_id=196"},"modified":"2022-01-11T14:56:36","modified_gmt":"2022-01-11T14:56:36","slug":"elainavusteinen-neuropsykiatrinen-valmennus","status":"publish","type":"page","link":"https:\/\/www.kelepo.fi\/index.php\/elainavusteinen-neuropsykiatrinen-valmennus\/","title":{"rendered":"El\u00e4inavusteinen neuropsykiatrinen valmennus"},"content":{"rendered":"\n<p class=\"has-small-font-size\">Kelepo&nbsp;El\u00e4inavusteinen neuropsykiatrinen valmennus on ratkaisukeskeist\u00e4 valmennusta, jolla pyrit\u00e4\u00e4n vahvistamaan arjen sujuvuutta tilanteissa, joissa neuropsykiatriset erityispiirteet ja toiminnanohjauksen pulmat vaikeuttavat yksil\u00f6n&nbsp;arjessa suoriutumista. Ty\u00f6skentelylle m\u00e4\u00e4ritell\u00e4\u00e4n konkreettiset tavoitteet&nbsp;ja aikataulu sovitaan aina yhdess\u00e4 asiakkaan kanssa. My\u00f6s menetelm\u00e4t valitaan yksil\u00f6llisesti.&nbsp;Valmennuksen kautta pyrit\u00e4\u00e4n ratkomaan&nbsp;jokap\u00e4iv\u00e4isen el\u00e4m\u00e4n haasteita, jotka liittyv\u00e4t esimerkiksi arjenhallintaan, koulunk\u00e4yntiin tai ihmissuhteisiin.&nbsp;Valmentaja tekee tarvittaessa yhteisty\u00f6t\u00e4 asiakkaan verkostojen kanssa&nbsp;ja voi olla tukena esimerkiksi&nbsp;kodin ja koulun v\u00e4lisen yhteisymm\u00e4rryksen ja yhteisty\u00f6n vahvistamisessa.&nbsp;<\/p>\n\n\n\n<p class=\"has-small-font-size\">El\u00e4inavusteisuus tuo neuropsykiatriseen valmennukseen uuden ulottuvuuden.&nbsp;El\u00e4in on aktiivinen osa ty\u00f6skentely\u00e4 ja voidaankin sanoa, ett\u00e4 el\u00e4inavusteinen neuropsykiatrinen valmennus on&nbsp;aina ryhm\u00e4ty\u00f6t\u00e4 asiakkaan, el\u00e4imen ja valmentajan&nbsp;v\u00e4lill\u00e4.&nbsp;El\u00e4imet kykenev\u00e4t luomaan ihmiseen vahvan sosiaalisen suhteen ja pystyv\u00e4t tarjoamaan ihmiselle sosioemotionaalista tukea. Tutkimusten mukaan el\u00e4inavusteisuuden hy\u00f6dynt\u00e4minen nopeuttaa ty\u00f6ntekij\u00e4n ja asiakkaan v\u00e4lisen luottamussuhteen muodostumista,&nbsp;tehostaa palveluita ja auttaa saavuttamaan olemassa olevia tavoitteita, joita voivat olla esimerkiksi:<\/p>\n\n\n\n<ul class=\"has-extra-small-font-size wp-block-list\"><li>Ylivirittyneen hermoston rentoutuminen&nbsp;<\/li><li>Keho-mieliyhteyden&nbsp;hahmottaminen ja oman vireystilan s\u00e4\u00e4tely&nbsp;<\/li><li>Tarkkaavaisuuden vahvistaminen&nbsp;<\/li><li>Sanallisen ja sanattoman vuorovaikutuksen vahvistaminen&nbsp;<\/li><li>Tunne- ja kaveritaitojen vahvistaminen&nbsp;<\/li><li>Opiskelutaitojen vahvistaminen&nbsp;<\/li><li>Yhdess\u00e4 tekeminen ja positiiviset kokemukset, \u201dMin\u00e4 osaan!\u201d&nbsp;<\/li><\/ul>\n\n\n\n<p class=\"has-small-font-size\">Kelepo&nbsp;El\u00e4inavusteinen neuropsykiatrinen valmennus on laadukasta ja vahvaan teoreettiseen pohjaan nojautuvaa ty\u00f6skentely\u00e4, joka toteutetaan ty\u00f6parity\u00f6n\u00e4 terveiden, ty\u00f6h\u00f6n soveltuvien ja koulutettujen el\u00e4inten kanssa.&nbsp;P\u00e4\u00e4st\u00e4kseen&nbsp;Kelepo&nbsp;nepsy-valmentajaksi ammattilaisen on&nbsp;t\u00e4ytett\u00e4v\u00e4&nbsp;kolme t\u00e4rke\u00e4\u00e4 kriteeri\u00e4:&nbsp;&nbsp;<\/p>\n\n\n\n<ul class=\"has-extra-small-font-size wp-block-list\"><li>Riitt\u00e4v\u00e4 ammatillinen koulutuspohja&nbsp;<\/li><li>Vahva&nbsp;teoriapohja el\u00e4inavusteisesta ty\u00f6st\u00e4&nbsp;<\/li><li>Osaaminen omaan el\u00e4imeen liittyen&nbsp;(esim. kyky arvioida el\u00e4imen&nbsp;terveytt\u00e4, soveltuvuutta,&nbsp;vireystilaa ja stressitasoa&nbsp;=&nbsp;eettisesti kest\u00e4v\u00e4 el\u00e4inavusteinen ty\u00f6)<\/li><\/ul>\n\n\n\n<figure class=\"wp-block-image size-large\"><img loading=\"lazy\" decoding=\"async\" width=\"1024\" height=\"683\" src=\"https:\/\/www.kelepo.fi\/wp-content\/uploads\/2021\/10\/1-201A6523-1024x683.jpg\" alt=\"\" class=\"wp-image-125\" srcset=\"https:\/\/www.kelepo.fi\/wp-content\/uploads\/2021\/10\/1-201A6523-1024x683.jpg 1024w, https:\/\/www.kelepo.fi\/wp-content\/uploads\/2021\/10\/1-201A6523-300x200.jpg 300w, https:\/\/www.kelepo.fi\/wp-content\/uploads\/2021\/10\/1-201A6523-768x512.jpg 768w, https:\/\/www.kelepo.fi\/wp-content\/uploads\/2021\/10\/1-201A6523-1536x1024.jpg 1536w, https:\/\/www.kelepo.fi\/wp-content\/uploads\/2021\/10\/1-201A6523-2048x1365.jpg 2048w, https:\/\/www.kelepo.fi\/wp-content\/uploads\/2021\/10\/1-201A6523-1568x1045.jpg 1568w\" sizes=\"auto, (max-width: 1024px) 100vw, 1024px\" \/><\/figure>\n","protected":false},"excerpt":{"rendered":"<p>Kelepo&nbsp;El\u00e4inavusteinen neuropsykiatrinen valmennus on ratkaisukeskeist\u00e4 valmennusta, jolla pyrit\u00e4\u00e4n vahvistamaan arjen sujuvuutta tilanteissa, joissa neuropsykiatriset erityispiirteet ja toiminnanohjauksen pulmat vaikeuttavat yksil\u00f6n&nbsp;arjessa suoriutumista. Ty\u00f6skentelylle m\u00e4\u00e4ritell\u00e4\u00e4n konkreettiset tavoitteet&nbsp;ja aikataulu sovitaan aina yhdess\u00e4 asiakkaan kanssa. My\u00f6s menetelm\u00e4t valitaan yksil\u00f6llisesti.&nbsp;Valmennuksen kautta pyrit\u00e4\u00e4n ratkomaan&nbsp;jokap\u00e4iv\u00e4isen el\u00e4m\u00e4n haasteita, jotka liittyv\u00e4t esimerkiksi arjenhallintaan, koulunk\u00e4yntiin tai ihmissuhteisiin.&nbsp;Valmentaja tekee tarvittaessa yhteisty\u00f6t\u00e4 asiakkaan verkostojen kanssa&nbsp;ja voi olla&hellip; <a class=\"more-link\" href=\"https:\/\/www.kelepo.fi\/index.php\/elainavusteinen-neuropsykiatrinen-valmennus\/\">Jatka lukemista <span class=\"screen-reader-text\">El\u00e4inavusteinen neuropsykiatrinen valmennus<\/span><\/a><\/p>\n","protected":false},"author":1,"featured_media":0,"parent":0,"menu_order":0,"comment_status":"closed","ping_status":"closed","template":"","meta":{"footnotes":""},"class_list":["post-196","page","type-page","status-publish","hentry","entry"],"_links":{"self":[{"href":"https:\/\/www.kelepo.fi\/index.php\/wp-json\/wp\/v2\/pages\/196","targetHints":{"allow":["GET"]}}],"collection":[{"href":"https:\/\/www.kelepo.fi\/index.php\/wp-json\/wp\/v2\/pages"}],"about":[{"href":"https:\/\/www.kelepo.fi\/index.php\/wp-json\/wp\/v2\/types\/page"}],"author":[{"embeddable":true,"href":"https:\/\/www.kelepo.fi\/index.php\/wp-json\/wp\/v2\/users\/1"}],"replies":[{"embeddable":true,"href":"https:\/\/www.kelepo.fi\/index.php\/wp-json\/wp\/v2\/comments?post=196"}],"version-history":[{"count":1,"href":"https:\/\/www.kelepo.fi\/index.php\/wp-json\/wp\/v2\/pages\/196\/revisions"}],"predecessor-version":[{"id":198,"href":"https:\/\/www.kelepo.fi\/index.php\/wp-json\/wp\/v2\/pages\/196\/revisions\/198"}],"wp:attachment":[{"href":"https:\/\/www.kelepo.fi\/index.php\/wp-json\/wp\/v2\/media?parent=196"}],"curies":[{"name":"wp","href":"https:\/\/api.w.org\/{rel}","templated":true}]}}