{"id":193,"date":"2022-01-11T14:53:26","date_gmt":"2022-01-11T14:53:26","guid":{"rendered":"https:\/\/www.kelepo.fi\/?page_id=193"},"modified":"2022-01-11T14:57:23","modified_gmt":"2022-01-11T14:57:23","slug":"kelepo-jalkihuolto","status":"publish","type":"page","link":"https:\/\/www.kelepo.fi\/index.php\/kelepo-jalkihuolto\/","title":{"rendered":"J\u00e4lkihuolto"},"content":{"rendered":"\n<p class=\"has-small-font-size\">Kelepo&nbsp;J\u00e4lkihuollon tavoite on vahvistaa neuropsykiatrisia ominaispiirteit\u00e4 omaavan, itsen\u00e4istyv\u00e4n&nbsp;nuoren arjessa suoriutumista sek\u00e4&nbsp;nuoren ymp\u00e4rill\u00e4 olevaa tukiverkostoa.&nbsp;&nbsp;<\/p>\n\n\n\n<p class=\"has-small-font-size\">J\u00e4lkihuollon tavoitteita voivat olla esimerkiksi&nbsp;<\/p>\n\n\n\n<ul class=\"has-extra-small-font-size wp-block-list\"><li>Nuoren psyykkisen ja fyysisen hyvinvoinnin vahvistaminen<\/li><li>Nuoren l\u00e4hiverkoston v\u00e4listen suhteiden tukeminen<\/li><li>Muiden sosiaalisten verkostojen vahvistaminen<\/li><li>Opiskelu- ja ty\u00f6el\u00e4m\u00e4valmiuksien tukeminen<\/li><li>Omien raha-asioiden hoidon opetteleminen<\/li><li>Asumisen taidot ja ravitsemuksesta huolehtiminen<\/li><li>Yhteiskunnallisten taitojen vahvistaminen<\/li><\/ul>\n\n\n\n<p class=\"has-small-font-size\">Kelepo&nbsp;J\u00e4lkihuollossa voidaan tarvittaessa hy\u00f6dynt\u00e4\u00e4 el\u00e4inavusteisia menetelmi\u00e4, mik\u00e4li sen katsotaan edist\u00e4v\u00e4n yhdess\u00e4 sovittujen tavoitteiden saavuttamista.&nbsp;<\/p>\n","protected":false},"excerpt":{"rendered":"<p>Kelepo&nbsp;J\u00e4lkihuollon tavoite on vahvistaa neuropsykiatrisia ominaispiirteit\u00e4 omaavan, itsen\u00e4istyv\u00e4n&nbsp;nuoren arjessa suoriutumista sek\u00e4&nbsp;nuoren ymp\u00e4rill\u00e4 olevaa tukiverkostoa.&nbsp;&nbsp; J\u00e4lkihuollon tavoitteita voivat olla esimerkiksi&nbsp; Nuoren psyykkisen ja fyysisen hyvinvoinnin vahvistaminen Nuoren l\u00e4hiverkoston v\u00e4listen suhteiden tukeminen Muiden sosiaalisten verkostojen vahvistaminen Opiskelu- ja ty\u00f6el\u00e4m\u00e4valmiuksien tukeminen Omien raha-asioiden hoidon opetteleminen Asumisen taidot ja ravitsemuksesta huolehtiminen Yhteiskunnallisten taitojen vahvistaminen Kelepo&nbsp;J\u00e4lkihuollossa voidaan tarvittaessa hy\u00f6dynt\u00e4\u00e4 el\u00e4inavusteisia&hellip; <a class=\"more-link\" href=\"https:\/\/www.kelepo.fi\/index.php\/kelepo-jalkihuolto\/\">Jatka lukemista <span class=\"screen-reader-text\">J\u00e4lkihuolto<\/span><\/a><\/p>\n","protected":false},"author":1,"featured_media":0,"parent":0,"menu_order":0,"comment_status":"closed","ping_status":"closed","template":"","meta":{"footnotes":""},"class_list":["post-193","page","type-page","status-publish","hentry","entry"],"_links":{"self":[{"href":"https:\/\/www.kelepo.fi\/index.php\/wp-json\/wp\/v2\/pages\/193","targetHints":{"allow":["GET"]}}],"collection":[{"href":"https:\/\/www.kelepo.fi\/index.php\/wp-json\/wp\/v2\/pages"}],"about":[{"href":"https:\/\/www.kelepo.fi\/index.php\/wp-json\/wp\/v2\/types\/page"}],"author":[{"embeddable":true,"href":"https:\/\/www.kelepo.fi\/index.php\/wp-json\/wp\/v2\/users\/1"}],"replies":[{"embeddable":true,"href":"https:\/\/www.kelepo.fi\/index.php\/wp-json\/wp\/v2\/comments?post=193"}],"version-history":[{"count":2,"href":"https:\/\/www.kelepo.fi\/index.php\/wp-json\/wp\/v2\/pages\/193\/revisions"}],"predecessor-version":[{"id":199,"href":"https:\/\/www.kelepo.fi\/index.php\/wp-json\/wp\/v2\/pages\/193\/revisions\/199"}],"wp:attachment":[{"href":"https:\/\/www.kelepo.fi\/index.php\/wp-json\/wp\/v2\/media?parent=193"}],"curies":[{"name":"wp","href":"https:\/\/api.w.org\/{rel}","templated":true}]}}