{"id":190,"date":"2022-01-11T14:51:38","date_gmt":"2022-01-11T14:51:38","guid":{"rendered":"https:\/\/www.kelepo.fi\/?page_id=190"},"modified":"2022-01-11T15:12:51","modified_gmt":"2022-01-11T15:12:51","slug":"kelepo-tehostettu-perhetyo","status":"publish","type":"page","link":"https:\/\/www.kelepo.fi\/index.php\/kelepo-tehostettu-perhetyo\/","title":{"rendered":"Tehostettu perhety\u00f6"},"content":{"rendered":"\n<p class=\"has-small-font-size\">Kelepo Tehostettu perhety\u00f6 on intensiivist\u00e4 ja kokonaisvaltaista tukea, jossa perheohjaajat ty\u00f6skentelev\u00e4t perheen kanssa useita kertoja viikossa ja tekev\u00e4t tiivist\u00e4 yhteisty\u00f6t\u00e4 perheen muun palveluverkoston kanssa. Tehostetun perhety\u00f6n asiakkaaksi ohjaudutaan suoraan lastensuojelun sosiaality\u00f6ntekij\u00e4n kautta ja se on suunnattu lapsiperheille, joissa on erityist\u00e4 huolta lapsen kehityksen ja kasvun vaarantumisesta.<\/p>\n\n\n\n<p class=\"has-small-font-size\">Kelepo perheohjaajat ovat sosiaali- ja kasvatusalan ammattilaisia, jotka ovat perehtyneet neuropsykiatrisiin erityispiirteisiin ja niiden tuomiin haasteisiin arjessa. Tehostetun perhety\u00f6n onnistumisen keskeinen edellytys on, ett\u00e4 perhe tunnistaa muutostarpeet ja on motivoitunut ty\u00f6skentelem\u00e4\u00e4n sovittujen tavoitteiden eteen. Yhdist\u00e4m\u00e4ll\u00e4 perheen oma asiantuntijuus, verkoston n\u00e4kemykset sek\u00e4 perheohjaajan ammatillinen asiantuntijuus, voidaan yhdess\u00e4 l\u00f6yt\u00e4\u00e4 uudenlaisia ja toimivia ratkaisuja perheen arkeen.<\/p>\n\n\n\n<p class=\"has-small-font-size\">Kelepo&nbsp;Tehostetussa perhety\u00f6ss\u00e4 voidaan tarvittaessa hy\u00f6dynt\u00e4\u00e4 el\u00e4inavusteisia menetelmi\u00e4, mik\u00e4li sen katsotaan edist\u00e4v\u00e4n yhdess\u00e4 sovittujen tavoitteiden saavuttamista.&nbsp;<\/p>\n","protected":false},"excerpt":{"rendered":"<p>Kelepo Tehostettu perhety\u00f6 on intensiivist\u00e4 ja kokonaisvaltaista tukea, jossa perheohjaajat ty\u00f6skentelev\u00e4t perheen kanssa useita kertoja viikossa ja tekev\u00e4t tiivist\u00e4 yhteisty\u00f6t\u00e4 perheen muun palveluverkoston kanssa. Tehostetun perhety\u00f6n asiakkaaksi ohjaudutaan suoraan lastensuojelun sosiaality\u00f6ntekij\u00e4n kautta ja se on suunnattu lapsiperheille, joissa on erityist\u00e4 huolta lapsen kehityksen ja kasvun vaarantumisesta. Kelepo perheohjaajat ovat sosiaali- ja kasvatusalan ammattilaisia, jotka ovat&hellip; <a class=\"more-link\" href=\"https:\/\/www.kelepo.fi\/index.php\/kelepo-tehostettu-perhetyo\/\">Jatka lukemista <span class=\"screen-reader-text\">Tehostettu perhety\u00f6<\/span><\/a><\/p>\n","protected":false},"author":1,"featured_media":0,"parent":0,"menu_order":0,"comment_status":"closed","ping_status":"closed","template":"","meta":{"footnotes":""},"class_list":["post-190","page","type-page","status-publish","hentry","entry"],"_links":{"self":[{"href":"https:\/\/www.kelepo.fi\/index.php\/wp-json\/wp\/v2\/pages\/190","targetHints":{"allow":["GET"]}}],"collection":[{"href":"https:\/\/www.kelepo.fi\/index.php\/wp-json\/wp\/v2\/pages"}],"about":[{"href":"https:\/\/www.kelepo.fi\/index.php\/wp-json\/wp\/v2\/types\/page"}],"author":[{"embeddable":true,"href":"https:\/\/www.kelepo.fi\/index.php\/wp-json\/wp\/v2\/users\/1"}],"replies":[{"embeddable":true,"href":"https:\/\/www.kelepo.fi\/index.php\/wp-json\/wp\/v2\/comments?post=190"}],"version-history":[{"count":4,"href":"https:\/\/www.kelepo.fi\/index.php\/wp-json\/wp\/v2\/pages\/190\/revisions"}],"predecessor-version":[{"id":207,"href":"https:\/\/www.kelepo.fi\/index.php\/wp-json\/wp\/v2\/pages\/190\/revisions\/207"}],"wp:attachment":[{"href":"https:\/\/www.kelepo.fi\/index.php\/wp-json\/wp\/v2\/media?parent=190"}],"curies":[{"name":"wp","href":"https:\/\/api.w.org\/{rel}","templated":true}]}}