{"id":185,"date":"2022-01-11T14:47:32","date_gmt":"2022-01-11T14:47:32","guid":{"rendered":"https:\/\/www.kelepo.fi\/?page_id=185"},"modified":"2022-01-11T15:21:14","modified_gmt":"2022-01-11T15:21:14","slug":"kelepo-perhetyo","status":"publish","type":"page","link":"https:\/\/www.kelepo.fi\/index.php\/kelepo-perhetyo\/","title":{"rendered":"Perhety\u00f6"},"content":{"rendered":"\n<p class=\"has-small-font-size\">Kelepo Perhety\u00f6 on p\u00e4\u00e4asiassa perheen kotona teht\u00e4v\u00e4\u00e4 ohjausty\u00f6t\u00e4, joka voi sis\u00e4lt\u00e4\u00e4 esimerkiksi keskusteluapua ja tukea arjen toiminnoissa. Kelepo perheohjaajat ovat sosiaali- ja kasvatusalan ammattilaisia, jotka ovat perehtyneet neuropsykiatrisiin erityispiirteisiin ja niiden tuomiin haasteisiin arjessa. Ty\u00f6skentelyn l\u00e4ht\u00f6kohtana on se, ett\u00e4 perhe on oman tilanteensa paras asiantuntija ja ty\u00f6 r\u00e4\u00e4t\u00e4l\u00f6id\u00e4\u00e4n aina perheen tarpeiden mukaan. Yhdist\u00e4m\u00e4ll\u00e4 perheen oma asiantuntijuus ja perheohjaajan ammatillinen asiantuntijuus, voidaan yhdess\u00e4 l\u00f6yt\u00e4\u00e4 uudenlaisia ja toimivia ratkaisuja perheen arkeen. Tarvittaessa Kelepo perheohjaaja tekee my\u00f6s yhteisty\u00f6t\u00e4 esimerkiksi p\u00e4iv\u00e4hoidon tai koulun kanssa, mik\u00e4li arjen erityiskuormituksen voidaan n\u00e4hd\u00e4 liittyv\u00e4n vahvasti koulu- tai p\u00e4iv\u00e4kotiymp\u00e4rist\u00f6\u00f6n.<\/p>\n\n\n\n<p class=\"has-small-font-size\">Kelepo&nbsp;Perhety\u00f6n&nbsp;tavoitteena voi olla esimerkiksi&nbsp;<\/p>\n\n\n\n<ul class=\"has-extra-small-font-size wp-block-list\"><li>Vanhemmuuden&nbsp;ja vanhempien voimavarojen&nbsp;tukeminen&nbsp;<\/li><li>Kodin arjen ja arkirutiinien hallinnan tukeminen&nbsp;<\/li><li>Perheen toimintakyvyn vahvistaminen&nbsp;<\/li><li>Perheen vuorovaikutustaitojen tukeminen<\/li><li>Kodin ja koulun yhteisty\u00f6n vahvistaminen<\/li><\/ul>\n\n\n\n<p class=\"has-small-font-size\">Kelepo\u00a0perhety\u00f6ss\u00e4 voidaan tarvittaessa hy\u00f6dynt\u00e4\u00e4 el\u00e4inavusteisia menetelmi\u00e4, mik\u00e4li sen katsotaan edist\u00e4v\u00e4n yhdess\u00e4 sovittujen tavoitteiden saavuttamista.\u00a0<\/p>\n","protected":false},"excerpt":{"rendered":"<p>Kelepo Perhety\u00f6 on p\u00e4\u00e4asiassa perheen kotona teht\u00e4v\u00e4\u00e4 ohjausty\u00f6t\u00e4, joka voi sis\u00e4lt\u00e4\u00e4 esimerkiksi keskusteluapua ja tukea arjen toiminnoissa. Kelepo perheohjaajat ovat sosiaali- ja kasvatusalan ammattilaisia, jotka ovat perehtyneet neuropsykiatrisiin erityispiirteisiin ja niiden tuomiin haasteisiin arjessa. Ty\u00f6skentelyn l\u00e4ht\u00f6kohtana on se, ett\u00e4 perhe on oman tilanteensa paras asiantuntija ja ty\u00f6 r\u00e4\u00e4t\u00e4l\u00f6id\u00e4\u00e4n aina perheen tarpeiden mukaan. Yhdist\u00e4m\u00e4ll\u00e4 perheen oma&hellip; <a class=\"more-link\" href=\"https:\/\/www.kelepo.fi\/index.php\/kelepo-perhetyo\/\">Jatka lukemista <span class=\"screen-reader-text\">Perhety\u00f6<\/span><\/a><\/p>\n","protected":false},"author":1,"featured_media":0,"parent":0,"menu_order":0,"comment_status":"closed","ping_status":"closed","template":"","meta":{"footnotes":""},"class_list":["post-185","page","type-page","status-publish","hentry","entry"],"_links":{"self":[{"href":"https:\/\/www.kelepo.fi\/index.php\/wp-json\/wp\/v2\/pages\/185","targetHints":{"allow":["GET"]}}],"collection":[{"href":"https:\/\/www.kelepo.fi\/index.php\/wp-json\/wp\/v2\/pages"}],"about":[{"href":"https:\/\/www.kelepo.fi\/index.php\/wp-json\/wp\/v2\/types\/page"}],"author":[{"embeddable":true,"href":"https:\/\/www.kelepo.fi\/index.php\/wp-json\/wp\/v2\/users\/1"}],"replies":[{"embeddable":true,"href":"https:\/\/www.kelepo.fi\/index.php\/wp-json\/wp\/v2\/comments?post=185"}],"version-history":[{"count":5,"href":"https:\/\/www.kelepo.fi\/index.php\/wp-json\/wp\/v2\/pages\/185\/revisions"}],"predecessor-version":[{"id":214,"href":"https:\/\/www.kelepo.fi\/index.php\/wp-json\/wp\/v2\/pages\/185\/revisions\/214"}],"wp:attachment":[{"href":"https:\/\/www.kelepo.fi\/index.php\/wp-json\/wp\/v2\/media?parent=185"}],"curies":[{"name":"wp","href":"https:\/\/api.w.org\/{rel}","templated":true}]}}