{"id":171,"date":"2022-01-11T14:19:48","date_gmt":"2022-01-11T14:19:48","guid":{"rendered":"https:\/\/www.kelepo.fi\/?page_id=171"},"modified":"2022-02-25T07:46:33","modified_gmt":"2022-02-25T07:46:33","slug":"koulutukset","status":"publish","type":"page","link":"https:\/\/www.kelepo.fi\/index.php\/koulutukset\/","title":{"rendered":"Koulutukset"},"content":{"rendered":"\n<p class=\"has-small-font-size\">Kelepo tarjoaa erilaisia, kohderyhmitt\u00e4in r\u00e4\u00e4t\u00e4l\u00f6it\u00e4vi\u00e4 koulutuskokonaisuuksia neuropsykiatrisiin erityispiirteisiin liittyen. Tavoitteena on neuropsykiatrisen ymm\u00e4rryksen lis\u00e4\u00e4ntyminen asiakkaiden ja&nbsp; perheiden sek\u00e4 heid\u00e4n kanssaan ty\u00f6skentelevien ammattilaisten keskuudessa.<\/p>\n\n\n\n<p class=\"has-small-font-size\">Kysy tarjous ja tehd\u00e4\u00e4n teille sopiva koulutuskokonaisuus!<\/p>\n\n\n\n<figure class=\"wp-block-image size-large\"><img loading=\"lazy\" decoding=\"async\" width=\"1024\" height=\"997\" src=\"https:\/\/www.kelepo.fi\/wp-content\/uploads\/2022\/01\/1-201A6198-2-1536x1496-1-1024x997.jpg\" alt=\"\" class=\"wp-image-172\" srcset=\"https:\/\/www.kelepo.fi\/wp-content\/uploads\/2022\/01\/1-201A6198-2-1536x1496-1-1024x997.jpg 1024w, https:\/\/www.kelepo.fi\/wp-content\/uploads\/2022\/01\/1-201A6198-2-1536x1496-1-300x292.jpg 300w, https:\/\/www.kelepo.fi\/wp-content\/uploads\/2022\/01\/1-201A6198-2-1536x1496-1-768x748.jpg 768w, https:\/\/www.kelepo.fi\/wp-content\/uploads\/2022\/01\/1-201A6198-2-1536x1496-1.jpg 1536w\" sizes=\"auto, (max-width: 1024px) 100vw, 1024px\" \/><\/figure>\n","protected":false},"excerpt":{"rendered":"<p>Kelepo tarjoaa erilaisia, kohderyhmitt\u00e4in r\u00e4\u00e4t\u00e4l\u00f6it\u00e4vi\u00e4 koulutuskokonaisuuksia neuropsykiatrisiin erityispiirteisiin liittyen. Tavoitteena on neuropsykiatrisen ymm\u00e4rryksen lis\u00e4\u00e4ntyminen asiakkaiden ja&nbsp; perheiden sek\u00e4 heid\u00e4n kanssaan ty\u00f6skentelevien ammattilaisten keskuudessa. Kysy tarjous ja tehd\u00e4\u00e4n teille sopiva koulutuskokonaisuus!<\/p>\n","protected":false},"author":1,"featured_media":0,"parent":0,"menu_order":0,"comment_status":"closed","ping_status":"closed","template":"","meta":{"footnotes":""},"class_list":["post-171","page","type-page","status-publish","hentry","entry"],"_links":{"self":[{"href":"https:\/\/www.kelepo.fi\/index.php\/wp-json\/wp\/v2\/pages\/171","targetHints":{"allow":["GET"]}}],"collection":[{"href":"https:\/\/www.kelepo.fi\/index.php\/wp-json\/wp\/v2\/pages"}],"about":[{"href":"https:\/\/www.kelepo.fi\/index.php\/wp-json\/wp\/v2\/types\/page"}],"author":[{"embeddable":true,"href":"https:\/\/www.kelepo.fi\/index.php\/wp-json\/wp\/v2\/users\/1"}],"replies":[{"embeddable":true,"href":"https:\/\/www.kelepo.fi\/index.php\/wp-json\/wp\/v2\/comments?post=171"}],"version-history":[{"count":6,"href":"https:\/\/www.kelepo.fi\/index.php\/wp-json\/wp\/v2\/pages\/171\/revisions"}],"predecessor-version":[{"id":263,"href":"https:\/\/www.kelepo.fi\/index.php\/wp-json\/wp\/v2\/pages\/171\/revisions\/263"}],"wp:attachment":[{"href":"https:\/\/www.kelepo.fi\/index.php\/wp-json\/wp\/v2\/media?parent=171"}],"curies":[{"name":"wp","href":"https:\/\/api.w.org\/{rel}","templated":true}]}}